{"id":6121,"date":"2026-05-01T03:31:16","date_gmt":"2026-05-01T03:31:16","guid":{"rendered":"https:\/\/shawarma-moods.com\/?post_type=product&#038;p=6121"},"modified":"2026-05-01T03:31:17","modified_gmt":"2026-05-01T03:31:17","slug":"pita-poulet","status":"publish","type":"product","link":"https:\/\/shawarma-moods.com\/en\/product\/pita-poulet\/","title":{"rendered":"Pita Poulet"},"content":{"rendered":"<p><img data-recalc-dims=\"1\" fetchpriority=\"high\" decoding=\"async\" src=\"https:\/\/i0.wp.com\/shawarma-moods.com\/wp-content\/uploads\/2026\/04\/011A0354.jpg?resize=300%2C200&#038;ssl=1\" alt=\"\" width=\"300\" height=\"200\" class=\"alignnone size-medium wp-image-6002\" srcset=\"https:\/\/i0.wp.com\/shawarma-moods.com\/wp-content\/uploads\/2026\/04\/011A0354-scaled.jpg?resize=300%2C200&amp;ssl=1 300w, https:\/\/i0.wp.com\/shawarma-moods.com\/wp-content\/uploads\/2026\/04\/011A0354-scaled.jpg?resize=1024%2C683&amp;ssl=1 1024w, https:\/\/i0.wp.com\/shawarma-moods.com\/wp-content\/uploads\/2026\/04\/011A0354-scaled.jpg?resize=768%2C512&amp;ssl=1 768w, https:\/\/i0.wp.com\/shawarma-moods.com\/wp-content\/uploads\/2026\/04\/011A0354-scaled.jpg?resize=1536%2C1024&amp;ssl=1 1536w, https:\/\/i0.wp.com\/shawarma-moods.com\/wp-content\/uploads\/2026\/04\/011A0354-scaled.jpg?resize=2048%2C1365&amp;ssl=1 2048w, https:\/\/i0.wp.com\/shawarma-moods.com\/wp-content\/uploads\/2026\/04\/011A0354-scaled.jpg?resize=18%2C12&amp;ssl=1 18w, https:\/\/i0.wp.com\/shawarma-moods.com\/wp-content\/uploads\/2026\/04\/011A0354-scaled.jpg?resize=1065%2C710&amp;ssl=1 1065w, https:\/\/i0.wp.com\/shawarma-moods.com\/wp-content\/uploads\/2026\/04\/011A0354-scaled.jpg?w=2400&amp;ssl=1 2400w\" sizes=\"(max-width: 300px) 100vw, 300px\" \/>Pita au Poulet garni avec sauce a l&#8217;ail, laitue, tomates et navets. Ou sauce \u00e0 l&#8217;ail, cornichons et frittes \u00e0 la fa\u00e7on Libanaise<\/p>","protected":false},"excerpt":{"rendered":"<p>Pita au Poulet garni avec sauce a l&#8217;ail, laitue, tomates et navets. Ou sauce \u00e0 l&#8217;ail, cornichons et frittes \u00e0 la fa\u00e7on Libanaise<\/p>","protected":false},"featured_media":0,"comment_status":"open","ping_status":"closed","template":"","meta":{"_monsterinsights_skip_tracking":false,"_monsterinsights_sitenote_active":false,"_monsterinsights_sitenote_note":"","_monsterinsights_sitenote_category":0},"product_brand":[],"product_cat":[80],"product_tag":[],"class_list":{"0":"post-6121","1":"product","2":"type-product","3":"status-publish","5":"product_cat-pita","7":"first","8":"outofstock","9":"shipping-taxable","10":"product-type-variable"},"yoast_head":"<!-- This site is optimized with the Yoast SEO plugin v27.5 - https:\/\/yoast.com\/product\/yoast-seo-wordpress\/ -->\n<title>Pita Poulet - Shawarma Moods<\/title>\n<meta name=\"robots\" content=\"index, follow, max-snippet:-1, max-image-preview:large, max-video-preview:-1\" \/>\n<link rel=\"canonical\" href=\"https:\/\/shawarma-moods.com\/en\/product\/pita-poulet\/\" \/>\n<meta property=\"og:locale\" content=\"en_US\" \/>\n<meta property=\"og:type\" content=\"article\" \/>\n<meta property=\"og:title\" content=\"Pita Poulet - Shawarma Moods\" \/>\n<meta property=\"og:description\" content=\"Pita au Poulet garni avec sauce a l&#8217;ail, laitue, tomates et navets. Ou sauce \u00e0 l&#8217;ail, cornichons et frittes \u00e0 la fa\u00e7on Libanaise\" \/>\n<meta property=\"og:url\" content=\"https:\/\/shawarma-moods.com\/en\/product\/pita-poulet\/\" \/>\n<meta property=\"og:site_name\" content=\"Shawarma Moods\" \/>\n<meta property=\"article:modified_time\" content=\"2026-05-01T03:31:17+00:00\" \/>\n<meta property=\"og:image\" content=\"https:\/\/shawarma-moods.com\/wp-content\/uploads\/2026\/04\/011A0354-300x200.jpg\" \/>\n<meta name=\"twitter:card\" content=\"summary_large_image\" \/>\n<script type=\"application\/ld+json\" class=\"yoast-schema-graph\">{\"@context\":\"https:\\\/\\\/schema.org\",\"@graph\":[{\"@type\":\"WebPage\",\"@id\":\"https:\\\/\\\/shawarma-moods.com\\\/product\\\/pita-poulet\\\/\",\"url\":\"https:\\\/\\\/shawarma-moods.com\\\/product\\\/pita-poulet\\\/\",\"name\":\"Pita Poulet - Shawarma Moods\",\"isPartOf\":{\"@id\":\"https:\\\/\\\/shawarma-moods.com\\\/#website\"},\"primaryImageOfPage\":{\"@id\":\"https:\\\/\\\/shawarma-moods.com\\\/product\\\/pita-poulet\\\/#primaryimage\"},\"image\":{\"@id\":\"https:\\\/\\\/shawarma-moods.com\\\/product\\\/pita-poulet\\\/#primaryimage\"},\"thumbnailUrl\":\"https:\\\/\\\/shawarma-moods.com\\\/wp-content\\\/uploads\\\/2026\\\/04\\\/011A0354-300x200.jpg\",\"datePublished\":\"2026-05-01T03:31:16+00:00\",\"dateModified\":\"2026-05-01T03:31:17+00:00\",\"breadcrumb\":{\"@id\":\"https:\\\/\\\/shawarma-moods.com\\\/product\\\/pita-poulet\\\/#breadcrumb\"},\"inLanguage\":\"en-CA\",\"potentialAction\":[{\"@type\":\"ReadAction\",\"target\":[\"https:\\\/\\\/shawarma-moods.com\\\/product\\\/pita-poulet\\\/\"]}]},{\"@type\":\"ImageObject\",\"inLanguage\":\"en-CA\",\"@id\":\"https:\\\/\\\/shawarma-moods.com\\\/product\\\/pita-poulet\\\/#primaryimage\",\"url\":\"https:\\\/\\\/shawarma-moods.com\\\/wp-content\\\/uploads\\\/2026\\\/04\\\/011A0354-300x200.jpg\",\"contentUrl\":\"https:\\\/\\\/shawarma-moods.com\\\/wp-content\\\/uploads\\\/2026\\\/04\\\/011A0354-300x200.jpg\"},{\"@type\":\"BreadcrumbList\",\"@id\":\"https:\\\/\\\/shawarma-moods.com\\\/product\\\/pita-poulet\\\/#breadcrumb\",\"itemListElement\":[{\"@type\":\"ListItem\",\"position\":1,\"name\":\"Home\",\"item\":\"https:\\\/\\\/shawarma-moods.com\\\/\"},{\"@type\":\"ListItem\",\"position\":2,\"name\":\"Pita Poulet\"}]},{\"@type\":\"WebSite\",\"@id\":\"https:\\\/\\\/shawarma-moods.com\\\/#website\",\"url\":\"https:\\\/\\\/shawarma-moods.com\\\/\",\"name\":\"Shawarma Moods\",\"description\":\"Authentic Middle Eastern Food\",\"potentialAction\":[{\"@type\":\"SearchAction\",\"target\":{\"@type\":\"EntryPoint\",\"urlTemplate\":\"https:\\\/\\\/shawarma-moods.com\\\/?s={search_term_string}\"},\"query-input\":{\"@type\":\"PropertyValueSpecification\",\"valueRequired\":true,\"valueName\":\"search_term_string\"}}],\"inLanguage\":\"en-CA\"}]}<\/script>\n<!-- \/ Yoast SEO plugin. -->","yoast_head_json":{"title":"Pita Poulet - Shawarma Moods","robots":{"index":"index","follow":"follow","max-snippet":"max-snippet:-1","max-image-preview":"max-image-preview:large","max-video-preview":"max-video-preview:-1"},"canonical":"https:\/\/shawarma-moods.com\/en\/product\/pita-poulet\/","og_locale":"en_US","og_type":"article","og_title":"Pita Poulet - Shawarma Moods","og_description":"Pita au Poulet garni avec sauce a l&#8217;ail, laitue, tomates et navets. Ou sauce \u00e0 l&#8217;ail, cornichons et frittes \u00e0 la fa\u00e7on Libanaise","og_url":"https:\/\/shawarma-moods.com\/en\/product\/pita-poulet\/","og_site_name":"Shawarma Moods","article_modified_time":"2026-05-01T03:31:17+00:00","og_image":[{"url":"https:\/\/shawarma-moods.com\/wp-content\/uploads\/2026\/04\/011A0354-300x200.jpg","type":"","width":"","height":""}],"twitter_card":"summary_large_image","schema":{"@context":"https:\/\/schema.org","@graph":[{"@type":"WebPage","@id":"https:\/\/shawarma-moods.com\/product\/pita-poulet\/","url":"https:\/\/shawarma-moods.com\/product\/pita-poulet\/","name":"Pita Poulet - Shawarma Moods","isPartOf":{"@id":"https:\/\/shawarma-moods.com\/#website"},"primaryImageOfPage":{"@id":"https:\/\/shawarma-moods.com\/product\/pita-poulet\/#primaryimage"},"image":{"@id":"https:\/\/shawarma-moods.com\/product\/pita-poulet\/#primaryimage"},"thumbnailUrl":"https:\/\/shawarma-moods.com\/wp-content\/uploads\/2026\/04\/011A0354-300x200.jpg","datePublished":"2026-05-01T03:31:16+00:00","dateModified":"2026-05-01T03:31:17+00:00","breadcrumb":{"@id":"https:\/\/shawarma-moods.com\/product\/pita-poulet\/#breadcrumb"},"inLanguage":"en-CA","potentialAction":[{"@type":"ReadAction","target":["https:\/\/shawarma-moods.com\/product\/pita-poulet\/"]}]},{"@type":"ImageObject","inLanguage":"en-CA","@id":"https:\/\/shawarma-moods.com\/product\/pita-poulet\/#primaryimage","url":"https:\/\/shawarma-moods.com\/wp-content\/uploads\/2026\/04\/011A0354-300x200.jpg","contentUrl":"https:\/\/shawarma-moods.com\/wp-content\/uploads\/2026\/04\/011A0354-300x200.jpg"},{"@type":"BreadcrumbList","@id":"https:\/\/shawarma-moods.com\/product\/pita-poulet\/#breadcrumb","itemListElement":[{"@type":"ListItem","position":1,"name":"Home","item":"https:\/\/shawarma-moods.com\/"},{"@type":"ListItem","position":2,"name":"Pita Poulet"}]},{"@type":"WebSite","@id":"https:\/\/shawarma-moods.com\/#website","url":"https:\/\/shawarma-moods.com\/","name":"Shawarma Moods","description":"Authentic Middle Eastern Food","potentialAction":[{"@type":"SearchAction","target":{"@type":"EntryPoint","urlTemplate":"https:\/\/shawarma-moods.com\/?s={search_term_string}"},"query-input":{"@type":"PropertyValueSpecification","valueRequired":true,"valueName":"search_term_string"}}],"inLanguage":"en-CA"}]}},"jetpack_sharing_enabled":true,"_links":{"self":[{"href":"https:\/\/shawarma-moods.com\/en\/wp-json\/wp\/v2\/product\/6121","targetHints":{"allow":["GET"]}}],"collection":[{"href":"https:\/\/shawarma-moods.com\/en\/wp-json\/wp\/v2\/product"}],"about":[{"href":"https:\/\/shawarma-moods.com\/en\/wp-json\/wp\/v2\/types\/product"}],"replies":[{"embeddable":true,"href":"https:\/\/shawarma-moods.com\/en\/wp-json\/wp\/v2\/comments?post=6121"}],"wp:attachment":[{"href":"https:\/\/shawarma-moods.com\/en\/wp-json\/wp\/v2\/media?parent=6121"}],"wp:term":[{"taxonomy":"product_brand","embeddable":true,"href":"https:\/\/shawarma-moods.com\/en\/wp-json\/wp\/v2\/product_brand?post=6121"},{"taxonomy":"product_cat","embeddable":true,"href":"https:\/\/shawarma-moods.com\/en\/wp-json\/wp\/v2\/product_cat?post=6121"},{"taxonomy":"product_tag","embeddable":true,"href":"https:\/\/shawarma-moods.com\/en\/wp-json\/wp\/v2\/product_tag?post=6121"}],"curies":[{"name":"wp","href":"https:\/\/api.w.org\/{rel}","templated":true}]}}