{"id":5010,"date":"2025-09-12T22:43:37","date_gmt":"2025-09-12T22:43:37","guid":{"rendered":"https:\/\/hlu.hgp.mybluehost.me\/website_2641b2f6\/?page_id=5010"},"modified":"2026-03-24T05:14:36","modified_gmt":"2026-03-24T05:14:36","slug":"store-location","status":"publish","type":"page","link":"https:\/\/shawarma-moods.com\/en\/store-location\/","title":{"rendered":"Store Location"},"content":{"rendered":"<div data-elementor-type=\"wp-page\" data-elementor-id=\"5010\" class=\"elementor elementor-5010\" data-elementor-post-type=\"page\">\n\t\t\t\t        <section class=\"elementor-section elementor-top-section elementor-element elementor-element-9dc0083 elementor-section-full_width elementor-section-height-min-height elementor-section-height-default elementor-section-items-middle pxl-row-scroll-none pxl-zoom-point-false pxl-section-overflow-visible pxl-section-fix-none pxl-full-content-with-space-none pxl-bg-color-none pxl-section-overlay-none wpr-particle-no wpr-jarallax-no wpr-parallax-no wpr-sticky-section-no\" data-id=\"9dc0083\" data-element_type=\"section\" data-e-type=\"section\" data-settings=\"{&quot;background_background&quot;:&quot;classic&quot;}\">\n\n                \n                <div class=\"elementor-container elementor-column-gap-default\">\n                <div class=\"elementor-column elementor-col-100 elementor-top-column elementor-element elementor-element-0026acf pxl-column-none pxl-column-overflow-hidden-no\" data-id=\"0026acf\" data-element_type=\"column\" data-e-type=\"column\">\r\n        <div class=\"elementor-widget-wrap elementor-element-populated\">\r\n                     \r\n        \t\t<div class=\"elementor-element elementor-element-78cb69e elementor-widget elementor-widget-html\" data-id=\"78cb69e\" data-element_type=\"widget\" data-e-type=\"widget\" data-widget_type=\"html.default\">\n\t\t\t\t<div class=\"elementor-widget-container\">\n\t\t\t\t\t<div style=\"background-color:black; color:white; font-family:sans-serif; padding:20px; text-align:center;\">\n  <h2 style=\"color:#cc951d;\">Choisissez la succursale la plus proche<\/h2>\n  <p id=\"nearestMsg\" style=\"margin-bottom:20px;\"><\/p>\n\n  <div id=\"branches\" style=\"display:grid; grid-template-columns:repeat(auto-fit,minmax(250px,1fr)); gap:20px;\">\n    <!-- Example Branch Card -->\n    <div class=\"branch\" data-lat=\"45.5019\" data-lng=\"-73.5674\" style=\"background:#111; border-radius:12px; padding:15px; border:2px solid transparent;\">\n      <h3 style=\"color:#cc951d;\"><a href=\"https:\/\/hlu.hgp.mybluehost.me\/website_2641b2f6\/laval-chomedey\/\">Succursale Chomedey<\/a><\/h3>\n      <p>800 Blvd. Chomedey #145, Laval, QC<\/p>\n      <a href=\"https:\/\/www.order.store\/store\/shawarma-moods-laval\/YTpdxvqaRia7BG-8VGO5nQ\" style=\"display:inline-block; margin-top:10px; padding:10px 15px; background:#cc951d; color:black; text-decoration:none; border-radius:8px;\">Commandez<\/a>\n    <\/div>\n\n    <div class=\"branch\" data-lat=\"45.5400\" data-lng=\"-73.6000\" style=\"background:#111; border-radius:12px; padding:15px; border:2px solid transparent;\">\n      <h3 style=\"color:#cc951d;\"><a href=\"https:\/\/hlu.hgp.mybluehost.me\/website_2641b2f6\/laval-concorde-e\/\">Succursale Concorde Est <\/a><\/h3>\n      <p>3505 Blvd. de la Concorde E, Laval, QC<\/p>\n      <a href=\"https:\/\/www.order.store\/store\/shawarma-moods-concorde\/wUYfIJcvU66tr6or3V8_dA\" style=\"display:inline-block; margin-top:10px; padding:10px 15px; background:#cc951d; color:black; text-decoration:none; border-radius:8px;\">Commandez<\/a>\n    <\/div>\n\n    <div class=\"branch\" data-lat=\"45.4900\" data-lng=\"-73.5800\" style=\"background:#111; border-radius:12px; padding:15px; border:2px solid transparent;\">\n      <h3 style=\"color:#cc951d;\"><a href=\"https:\/\/hlu.hgp.mybluehost.me\/website_2641b2f6\/montreal-cote-des-neiges\/\">SUCCURSALE C\u00d4TE-DES-NEIGES<\/a><\/h3>\n      <p>5711 Chem. de la C\u00f4te-des-Neiges, Montr\u00e9al, QC<\/p>\n      <a href=\"https:\/\/www.order.store\/store\/shawarma-moods-cdn\/AhhLDuiVUfikVuSkyVJ7XA\" style=\"display:inline-block; margin-top:10px; padding:10px 15px; background:#cc951d; color:black; text-decoration:none; border-radius:8px;\">Commandez<\/a>\n    <\/div>\n\n    <div class=\"branch\" data-lat=\"45.5200\" data-lng=\"-73.5500\" style=\"background:#111; border-radius:12px; padding:15px; border:2px solid transparent;\">\n      <h3 style=\"color:#cc951d;\"><a href=\"https:\/\/hlu.hgp.mybluehost.me\/website_2641b2f6\/oakville-ontario\/\">Succursale Oakville<\/a><\/h3>\n      <p>360 Dundas St E B6, Oakville, ON<\/p>\n      <a href=\"https:\/\/www.order.store\/store\/shawarma-moods-oakville\/JFRCrvl5W5Wwuxn1X8cx6A\" style=\"display:inline-block; margin-top:10px; padding:10px 15px; background:#cc951d; color:black; text-decoration:none; border-radius:8px;\">Commandez<\/a>\n    <\/div>\n  <\/div>\n<\/div>\n\n<style>\na{\n    color: #CC951D;\n}\n    a:hover{\n        color: #bf8a18;\n    }\n<\/style>\t\t\t\t<\/div>\n\t\t\t\t<\/div>\n\t\t            <\/div>\r\n        <\/div>\r\n        \t\t\t<\/div>\n\t\t<\/section>\n\t\t\t\t<\/div>","protected":false},"excerpt":{"rendered":"<p>Choisissez la succursale la plus proche Succursale Chomedey 800 Blvd. Chomedey #145, Laval, QC Commandez Succursale Concorde Est 3505 Blvd. de la Concorde E, Laval, QC Commandez SUCCURSALE C\u00d4TE-DES-NEIGES 5711 Chem. de la C\u00f4te-des-Neiges, Montr\u00e9al, QC Commandez Succursale Oakville 360 Dundas St E B6, Oakville, ON Commandez<\/p>","protected":false},"author":1,"featured_media":0,"parent":0,"menu_order":0,"comment_status":"closed","ping_status":"closed","template":"elementor_header_footer","meta":{"_monsterinsights_skip_tracking":false,"_monsterinsights_sitenote_active":false,"_monsterinsights_sitenote_note":"","_monsterinsights_sitenote_category":0,"footnotes":""},"class_list":["post-5010","page","type-page","status-publish","hentry"],"yoast_head":"<!-- This site is optimized with the Yoast SEO plugin v27.3 - https:\/\/yoast.com\/product\/yoast-seo-wordpress\/ -->\n<title>Store Location - Shawarma Moods<\/title>\n<meta name=\"robots\" content=\"index, follow, max-snippet:-1, max-image-preview:large, max-video-preview:-1\" \/>\n<link rel=\"canonical\" href=\"https:\/\/shawarma-moods.com\/en\/store-location\/\" \/>\n<meta property=\"og:locale\" content=\"en_US\" \/>\n<meta property=\"og:type\" content=\"article\" \/>\n<meta property=\"og:title\" content=\"Store Location - Shawarma Moods\" \/>\n<meta property=\"og:description\" content=\"Choisissez la succursale la plus proche Succursale Chomedey 800 Blvd. Chomedey #145, Laval, QC Commandez Succursale Concorde Est 3505 Blvd. de la Concorde E, Laval, QC Commandez SUCCURSALE C\u00d4TE-DES-NEIGES 5711 Chem. de la C\u00f4te-des-Neiges, Montr\u00e9al, QC Commandez Succursale Oakville 360 Dundas St E B6, Oakville, ON Commandez\" \/>\n<meta property=\"og:url\" content=\"https:\/\/shawarma-moods.com\/en\/store-location\/\" \/>\n<meta property=\"og:site_name\" content=\"Shawarma Moods\" \/>\n<meta property=\"article:modified_time\" content=\"2026-03-24T05:14:36+00:00\" \/>\n<meta name=\"twitter:card\" content=\"summary_large_image\" \/>\n<meta name=\"twitter:label1\" content=\"Est. reading time\" \/>\n\t<meta name=\"twitter:data1\" content=\"1 minute\" \/>\n<script type=\"application\/ld+json\" class=\"yoast-schema-graph\">{\"@context\":\"https:\\\/\\\/schema.org\",\"@graph\":[{\"@type\":\"WebPage\",\"@id\":\"https:\\\/\\\/shawarma-moods.com\\\/store-location\\\/\",\"url\":\"https:\\\/\\\/shawarma-moods.com\\\/store-location\\\/\",\"name\":\"Store Location - Shawarma Moods\",\"isPartOf\":{\"@id\":\"https:\\\/\\\/shawarma-moods.com\\\/#website\"},\"datePublished\":\"2025-09-12T22:43:37+00:00\",\"dateModified\":\"2026-03-24T05:14:36+00:00\",\"breadcrumb\":{\"@id\":\"https:\\\/\\\/shawarma-moods.com\\\/store-location\\\/#breadcrumb\"},\"inLanguage\":\"en-CA\",\"potentialAction\":[{\"@type\":\"ReadAction\",\"target\":[\"https:\\\/\\\/shawarma-moods.com\\\/store-location\\\/\"]}]},{\"@type\":\"BreadcrumbList\",\"@id\":\"https:\\\/\\\/shawarma-moods.com\\\/store-location\\\/#breadcrumb\",\"itemListElement\":[{\"@type\":\"ListItem\",\"position\":1,\"name\":\"Home\",\"item\":\"https:\\\/\\\/shawarma-moods.com\\\/\"},{\"@type\":\"ListItem\",\"position\":2,\"name\":\"Store Location\"}]},{\"@type\":\"WebSite\",\"@id\":\"https:\\\/\\\/shawarma-moods.com\\\/#website\",\"url\":\"https:\\\/\\\/shawarma-moods.com\\\/\",\"name\":\"Shawarma Moods\",\"description\":\"Authentic Middle Eastern Food\",\"potentialAction\":[{\"@type\":\"SearchAction\",\"target\":{\"@type\":\"EntryPoint\",\"urlTemplate\":\"https:\\\/\\\/shawarma-moods.com\\\/?s={search_term_string}\"},\"query-input\":{\"@type\":\"PropertyValueSpecification\",\"valueRequired\":true,\"valueName\":\"search_term_string\"}}],\"inLanguage\":\"en-CA\"}]}<\/script>\n<!-- \/ Yoast SEO plugin. -->","yoast_head_json":{"title":"Store Location - Shawarma Moods","robots":{"index":"index","follow":"follow","max-snippet":"max-snippet:-1","max-image-preview":"max-image-preview:large","max-video-preview":"max-video-preview:-1"},"canonical":"https:\/\/shawarma-moods.com\/en\/store-location\/","og_locale":"en_US","og_type":"article","og_title":"Store Location - Shawarma Moods","og_description":"Choisissez la succursale la plus proche Succursale Chomedey 800 Blvd. Chomedey #145, Laval, QC Commandez Succursale Concorde Est 3505 Blvd. de la Concorde E, Laval, QC Commandez SUCCURSALE C\u00d4TE-DES-NEIGES 5711 Chem. de la C\u00f4te-des-Neiges, Montr\u00e9al, QC Commandez Succursale Oakville 360 Dundas St E B6, Oakville, ON Commandez","og_url":"https:\/\/shawarma-moods.com\/en\/store-location\/","og_site_name":"Shawarma Moods","article_modified_time":"2026-03-24T05:14:36+00:00","twitter_card":"summary_large_image","twitter_misc":{"Est. reading time":"1 minute"},"schema":{"@context":"https:\/\/schema.org","@graph":[{"@type":"WebPage","@id":"https:\/\/shawarma-moods.com\/store-location\/","url":"https:\/\/shawarma-moods.com\/store-location\/","name":"Store Location - Shawarma Moods","isPartOf":{"@id":"https:\/\/shawarma-moods.com\/#website"},"datePublished":"2025-09-12T22:43:37+00:00","dateModified":"2026-03-24T05:14:36+00:00","breadcrumb":{"@id":"https:\/\/shawarma-moods.com\/store-location\/#breadcrumb"},"inLanguage":"en-CA","potentialAction":[{"@type":"ReadAction","target":["https:\/\/shawarma-moods.com\/store-location\/"]}]},{"@type":"BreadcrumbList","@id":"https:\/\/shawarma-moods.com\/store-location\/#breadcrumb","itemListElement":[{"@type":"ListItem","position":1,"name":"Home","item":"https:\/\/shawarma-moods.com\/"},{"@type":"ListItem","position":2,"name":"Store Location"}]},{"@type":"WebSite","@id":"https:\/\/shawarma-moods.com\/#website","url":"https:\/\/shawarma-moods.com\/","name":"Shawarma Moods","description":"Authentic Middle Eastern Food","potentialAction":[{"@type":"SearchAction","target":{"@type":"EntryPoint","urlTemplate":"https:\/\/shawarma-moods.com\/?s={search_term_string}"},"query-input":{"@type":"PropertyValueSpecification","valueRequired":true,"valueName":"search_term_string"}}],"inLanguage":"en-CA"}]}},"jetpack_sharing_enabled":true,"_links":{"self":[{"href":"https:\/\/shawarma-moods.com\/en\/wp-json\/wp\/v2\/pages\/5010","targetHints":{"allow":["GET"]}}],"collection":[{"href":"https:\/\/shawarma-moods.com\/en\/wp-json\/wp\/v2\/pages"}],"about":[{"href":"https:\/\/shawarma-moods.com\/en\/wp-json\/wp\/v2\/types\/page"}],"author":[{"embeddable":true,"href":"https:\/\/shawarma-moods.com\/en\/wp-json\/wp\/v2\/users\/1"}],"replies":[{"embeddable":true,"href":"https:\/\/shawarma-moods.com\/en\/wp-json\/wp\/v2\/comments?post=5010"}],"version-history":[{"count":20,"href":"https:\/\/shawarma-moods.com\/en\/wp-json\/wp\/v2\/pages\/5010\/revisions"}],"predecessor-version":[{"id":5894,"href":"https:\/\/shawarma-moods.com\/en\/wp-json\/wp\/v2\/pages\/5010\/revisions\/5894"}],"wp:attachment":[{"href":"https:\/\/shawarma-moods.com\/en\/wp-json\/wp\/v2\/media?parent=5010"}],"curies":[{"name":"wp","href":"https:\/\/api.w.org\/{rel}","templated":true}]}}